{"id":870,"date":"2024-04-19T16:24:54","date_gmt":"2024-04-19T16:24:54","guid":{"rendered":"https:\/\/www.medae-agroecology.eu\/?page_id=870"},"modified":"2024-04-19T16:29:01","modified_gmt":"2024-04-19T16:29:01","slug":"privacy-policy-2","status":"publish","type":"page","link":"https:\/\/www.medae-agroecology.eu\/fr\/privacy-policy-2\/","title":{"rendered":"Politique de confidentialit\u00e9"},"content":{"rendered":"<div data-elementor-type=\"wp-page\" data-elementor-id=\"870\" class=\"elementor elementor-870\">\n\t\t\t\t\t\t<section class=\"elementor-section elementor-top-section elementor-element elementor-element-59e376f elementor-section-full_width elementor-section-height-min-height elementor-section-height-default elementor-section-items-middle\" data-id=\"59e376f\" data-element_type=\"section\" data-e-type=\"section\" data-settings=\"{&quot;background_background&quot;:&quot;classic&quot;}\">\n\t\t\t\t\t\t<div class=\"elementor-container elementor-column-gap-default\">\n\t\t\t\t\t<div class=\"aux-parallax-section elementor-column elementor-col-100 elementor-top-column elementor-element elementor-element-6bf50db\" data-id=\"6bf50db\" data-element_type=\"column\" data-e-type=\"column\">\n\t\t\t<div class=\"elementor-widget-wrap elementor-element-populated\">\n\t\t\t\t\t\t<section class=\"elementor-section elementor-inner-section elementor-element elementor-element-e472646 elementor-section-boxed elementor-section-height-default elementor-section-height-default\" data-id=\"e472646\" data-element_type=\"section\" data-e-type=\"section\">\n\t\t\t\t\t\t<div class=\"elementor-container elementor-column-gap-default\">\n\t\t\t\t\t<div class=\"aux-parallax-section elementor-column elementor-col-100 elementor-inner-column elementor-element elementor-element-c904b24\" data-id=\"c904b24\" data-element_type=\"column\" data-e-type=\"column\">\n\t\t\t<div class=\"elementor-widget-wrap elementor-element-populated\">\n\t\t\t\t\t\t<div class=\"elementor-element elementor-element-9589b24 elementor-widget elementor-widget-heading\" data-id=\"9589b24\" data-element_type=\"widget\" data-e-type=\"widget\" data-widget_type=\"heading.default\">\n\t\t\t\t<div class=\"elementor-widget-container\">\n\t\t\t\t\t<h2 class=\"elementor-heading-title elementor-size-default\">Politique de confidentialit\u00e9<\/h2>\t\t\t\t<\/div>\n\t\t\t\t<\/div>\n\t\t\t\t\t<\/div>\n\t\t<\/div>\n\t\t\t\t\t<\/div>\n\t\t<\/section>\n\t\t\t\t\t<\/div>\n\t\t<\/div>\n\t\t\t\t\t<\/div>\n\t\t<\/section>\n\t\t\t\t<section class=\"elementor-section elementor-top-section elementor-element elementor-element-3d58815 elementor-reverse-tablet elementor-reverse-mobile elementor-section-boxed elementor-section-height-default elementor-section-height-default\" data-id=\"3d58815\" data-element_type=\"section\" data-e-type=\"section\">\n\t\t\t\t\t\t<div class=\"elementor-container elementor-column-gap-default\">\n\t\t\t\t\t<div class=\"aux-parallax-section elementor-column elementor-col-100 elementor-top-column elementor-element elementor-element-569320d\" data-id=\"569320d\" data-element_type=\"column\" data-e-type=\"column\">\n\t\t\t<div class=\"elementor-widget-wrap elementor-element-populated\">\n\t\t\t\t\t\t<div class=\"elementor-element elementor-element-c5308e0 elementor-widget elementor-widget-text-editor\" data-id=\"c5308e0\" data-element_type=\"widget\" data-e-type=\"widget\" data-widget_type=\"text-editor.default\">\n\t\t\t\t<div class=\"elementor-widget-container\">\n\t\t\t\t\t\t\t\t\t<ol><li><strong>Introduction<\/strong><\/li><\/ol><p><strong>La pr\u00e9sente politique de confidentialit\u00e9 vise \u00e0 vous aider \u00e0 comprendre quelles informations nous recueillons, pourquoi nous les recueillons, comment nous les traitons, o\u00f9 elles peuvent \u00eatre transf\u00e9r\u00e9es et comment vous pouvez mettre \u00e0 jour et supprimer vos informations. Nos services, processus et syst\u00e8mes de communication visent \u00e0 garantir le plus haut degr\u00e9 possible de conformit\u00e9 avec la l\u00e9gislation applicable :<u>\u00a0<\/u><a href=\"https:\/\/ec.europa.eu\/info\/law\/law-topic\/data-protection\/data-protection-eu_en\">R\u00e8glement (UE) 2016\/679, le r\u00e8glement g\u00e9n\u00e9ral sur la protection des donn\u00e9es (RGPD)).<\/a><u>.<\/u><\/strong><\/p><p><strong>La pr\u00e9sente politique de confidentialit\u00e9 s'applique \u00e0 toutes les personnes r\u00e9sidant dans un pays de l'Espace \u00e9conomique europ\u00e9en ou dans tout autre pays ou territoire inclus (collectivement d\u00e9sign\u00e9s sous le nom de \"R\u00e9gion europ\u00e9enne\").<\/strong><\/p><ol start=\"2\"><li><strong>Collecte de donn\u00e9es<\/strong><\/li><\/ol><p><strong>Nous collectons des informations vous concernant et\/ou vous concernant aux moments suivants lorsque vous utilisez le site web du projet Medae-Agroecology :<\/strong><\/p><ol><li><strong>Lorsque vous envoyez un message par le biais de notre formulaire de contact ou par courrier \u00e9lectronique ;<br \/>2. lorsque vous vous abonnez \u00e0 la lettre d'information du projet via le site web du projet ; et<br \/>3. Lorsque vous visitez et naviguez sur notre site web.<\/strong><\/li><\/ol><p><strong><em>2.1. Envoi de messages par formulaire de contact<\/em><\/strong><\/p><p><strong>Lorsque vous nous contactez par le biais du formulaire de contact ou en envoyant un courrier \u00e9lectronique, les donn\u00e9es suivantes sont collect\u00e9es : l'adresse \u00e9lectronique, le nom, l'objet du contact et le message que vous envoyez. Nous conservons g\u00e9n\u00e9ralement les courriers \u00e9lectroniques que nous recevons \u00e0 des fins d'archivage et de contacts ult\u00e9rieurs.<\/strong><\/p><p><strong><em>2.2. Abonnement \u00e0 la lettre d'information<\/em><\/strong><\/p><p><strong>Lorsque vous vous inscrivez \u00e0 la lettre d'information du projet, nous vous demandons de fournir votre adresse \u00e9lectronique.<\/strong><\/p><p><strong><em>2.3. Visite et utilisation du site web<\/em><\/strong><\/p><p><strong>Des informations sont collect\u00e9es \u00e0 chaque fois que vous visitez le site web. Ces informations collect\u00e9es sont d\u00e9crites et expliqu\u00e9es dans la section relative \u00e0 l'utilisation des cookies.<\/strong><\/p><ol start=\"3\"><li><strong>Utilisation des cookies<\/strong><\/li><\/ol><p><strong>Le site web de Medae-Agroecology utilise des cookies pour identifier des informations sur l'utilisation de votre session et la personnalisation de votre navigateur \u00e0 chaque visite. Un cookie est un petit fichier de donn\u00e9es qui est stock\u00e9 par le navigateur lorsque vous acc\u00e9dez au site web. Ces cookies ne contiennent aucune de vos informations personnelles, telles que votre nom ou votre adresse \u00e9lectronique. Les informations stock\u00e9es dans le cookie vous identifient uniquement pour ce site web.<\/strong><\/p><ol start=\"4\"><li><strong>Comment nous utilisons vos donn\u00e9es<\/strong><\/li><\/ol><p><strong>Nous pouvons utiliser vos informations pour :<\/strong><\/p><ol><li><strong>vous informer de toute modification ou mise \u00e0 jour que nous apportons aux services ;<br \/>2. Vous alerter sur les opportunit\u00e9s et les activit\u00e9s pertinentes (y compris les nouvelles du projet, les r\u00e9sultats, les opportunit\u00e9s de collaboration et les invitations \u00e0 des \u00e9v\u00e9nements) ;<br \/>3. Vous fournir d'autres informations ou services auxquels vous avez souscrit. Les informations issues de l'inscription \u00e0 la lettre d'information sont ins\u00e9r\u00e9es dans un programme de gestion et d'envoi de courriers \u00e9lectroniques. Seule votre adresse \u00e9lectronique est utilis\u00e9e \u00e0 cette fin. Ce programme fonctionne hors ligne et vos donn\u00e9es ne sont pas partag\u00e9es.<\/strong><\/li><\/ol><p><strong>Vos informations seront utilis\u00e9es \u00e0 des fins directement li\u00e9es au site web et\/ou au projet et ne seront jamais partag\u00e9es avec des tiers (tels que des soci\u00e9t\u00e9s de marketing).<\/strong><\/p><ol start=\"5\"><li><strong>L\u00e9gitimit\u00e9 du traitement de vos donn\u00e9es<\/strong><\/li><\/ol><p><strong>Vos donn\u00e9es ne seront sauvegard\u00e9es que si l'une des situations suivantes se produit :<\/strong><\/p><ol><li><strong>Vous exprimez votre consentement en envoyant un e-mail ou en soumettant un formulaire en ligne ;<br \/>2. Les donn\u00e9es r\u00e9pondent \u00e0 une obligation l\u00e9gale \u00e0 laquelle le projet Medae-Agroecology est soumis, telle que la divulgation de donn\u00e9es \u00e0 l'administration fiscale et \u00e0 la s\u00e9curit\u00e9 sociale, ainsi qu'\u00e0 d'autres autorit\u00e9s.<\/strong><\/li><\/ol><p><strong>Vos donn\u00e9es personnelles ne seront pas utilis\u00e9es \u00e0 d'autres fins que celles d\u00e9crites dans la pr\u00e9sente politique sans que vous en soyez pr\u00e9alablement inform\u00e9 ou, le cas \u00e9ch\u00e9ant, que votre consentement soit obtenu.<\/strong><\/p><ol start=\"6\"><li><strong>P\u00e9riode de conservation des donn\u00e9es<\/strong><\/li><\/ol><p><strong>Vos donn\u00e9es \u00e0 caract\u00e8re personnel seront conserv\u00e9es pendant la dur\u00e9e minimale n\u00e9cessaire aux fins d\u00e9crites ci-dessus et\/ou au respect des obligations l\u00e9gales. La dur\u00e9e minimale requise est la dur\u00e9e du projet plus un an (par exemple : dans le cadre d'un projet de quatre ans, vos donn\u00e9es seront conserv\u00e9es pendant cinq ans). Apr\u00e8s cette p\u00e9riode, vos donn\u00e9es seront supprim\u00e9es de la base de donn\u00e9es.<\/strong><\/p><ol start=\"7\"><li><strong>Comment pouvons-nous partager vos informations ?<\/strong><\/li><\/ol><p><strong>Vos informations ne seront communiqu\u00e9es que sur demande de la police ou des autorit\u00e9s de contr\u00f4le lorsqu'il y a suspicion de commission d'un acte ill\u00e9gal ou si cette divulgation permet d'\u00e9viter un acte ill\u00e9gal, ou si la loi l'exige ou l'autorise.<\/strong><\/p><ol start=\"8\"><li><strong>Vos droits<\/strong><\/li><\/ol><p><strong>\u00c0 tout moment, vous pouvez demander<\/strong><\/p><ol><li><strong>Acc\u00e8s \u00e0 vos donn\u00e9es personnelles ;<br \/>2. L'alt\u00e9ration de vos donn\u00e9es personnelles ;<br \/>3. Opposition, annulation ou limitation du traitement de vos donn\u00e9es personnelles ;<br \/>4. La portabilit\u00e9 de vos donn\u00e9es personnelles pr\u00e9c\u00e9demment fournies, d'une mani\u00e8re structur\u00e9e et compatible et dans un format lisible.<br \/>5. Suppression de vos donn\u00e9es ;<\/strong><\/li><\/ol><p><strong>Pour exercer vos droits, veuillez nous contacter par l'interm\u00e9diaire de l'e-mail suivant :\u00a0<a href=\"mailto:contact@Medae-Agroecology.eu\">contact@Medae-Agroecology.eu<\/a>\u00a0Vos demandes seront trait\u00e9es avec soin, afin de garantir l'effectivit\u00e9 de vos droits. Il vous sera demand\u00e9 de prouver votre identit\u00e9, afin de garantir que les donn\u00e9es personnelles ne sont partag\u00e9es qu'avec le propri\u00e9taire.<\/strong><\/p><p><strong>Veuillez noter que, dans certains cas et conform\u00e9ment \u00e0 la l\u00e9gislation applicable, votre demande peut ne pas \u00eatre satisfaite imm\u00e9diatement ou en totalit\u00e9.<\/strong><\/p><p><strong>Dans tous les cas, vous serez inform\u00e9 des mesures prises dans un d\u00e9lai de 30 jours \u00e0 compter de la demande.<\/strong><\/p><ol start=\"9\"><li><strong>Clarifications ou doutes<\/strong><\/li><\/ol><p><strong>Si vous avez des questions concernant cette politique ou d'autres aspects de la protection de la vie priv\u00e9e, ou si vous souhaitez exercer l'un de vos droits, veuillez nous contacter \u00e0 l'adresse suivante <a href=\"mailto:contact@Medae-Agroecology.eu\">contact@Medae-Agroecology.eu<\/a><\/strong><\/p>\t\t\t\t\t\t\t\t<\/div>\n\t\t\t\t<\/div>\n\t\t\t\t\t<\/div>\n\t\t<\/div>\n\t\t\t\t\t<\/div>\n\t\t<\/section>\n\t\t\t\t<\/div>","protected":false},"excerpt":{"rendered":"<p>Privacy Policy Introduction This Privacy Policy aims to help you understand what information we collect, why we collect it, how we treat it, where it can be transferred, and how you can update and delete your information. Our services, processes, and communication systems aim to ensure the highest possible degree of compliance with the applicable [&hellip;]<\/p>\n","protected":false},"author":1,"featured_media":0,"parent":0,"menu_order":0,"comment_status":"closed","ping_status":"closed","template":"templates\/page-builder-content.php","meta":{"footnotes":""},"class_list":["post-870","page","type-page","status-publish","hentry"],"_links":{"self":[{"href":"https:\/\/www.medae-agroecology.eu\/fr\/wp-json\/wp\/v2\/pages\/870","targetHints":{"allow":["GET"]}}],"collection":[{"href":"https:\/\/www.medae-agroecology.eu\/fr\/wp-json\/wp\/v2\/pages"}],"about":[{"href":"https:\/\/www.medae-agroecology.eu\/fr\/wp-json\/wp\/v2\/types\/page"}],"author":[{"embeddable":true,"href":"https:\/\/www.medae-agroecology.eu\/fr\/wp-json\/wp\/v2\/users\/1"}],"replies":[{"embeddable":true,"href":"https:\/\/www.medae-agroecology.eu\/fr\/wp-json\/wp\/v2\/comments?post=870"}],"version-history":[{"count":4,"href":"https:\/\/www.medae-agroecology.eu\/fr\/wp-json\/wp\/v2\/pages\/870\/revisions"}],"predecessor-version":[{"id":875,"href":"https:\/\/www.medae-agroecology.eu\/fr\/wp-json\/wp\/v2\/pages\/870\/revisions\/875"}],"wp:attachment":[{"href":"https:\/\/www.medae-agroecology.eu\/fr\/wp-json\/wp\/v2\/media?parent=870"}],"curies":[{"name":"wp","href":"https:\/\/api.w.org\/{rel}","templated":true}]}}